{"id":4,"date":"2015-07-15T12:55:14","date_gmt":"2015-07-15T12:55:14","guid":{"rendered":"http:\/\/beta.tc-72.de\/?page_id=4"},"modified":"2015-07-15T12:55:42","modified_gmt":"2015-07-15T12:55:42","slug":"impressum","status":"publish","type":"page","link":"https:\/\/beta.tc-72.de\/?page_id=4","title":{"rendered":"Impressum"},"content":{"rendered":"<p><strong>Verantwortlich f\u00fcr den Inhalt:<\/strong><br \/>\nTurn-Club 72 Leverkusen e.V.<br \/>\nTreptower Str. 7<br \/>\n51375 Leverkusen<br \/>\nTelefon: 0214\/ 5 72 18<br \/>\nE-Mail: info@tc-72.de<\/p>\n<p><strong>Copyright und Rechte:<\/strong><br \/>\nS\u00e4mtliche Rechte an den Inhalten dieser Webseiten liegen beim Turn-Club 72 Leverkusen e.V.<br \/>\nAlle Rechte bleiben vorbehalten.<br \/>\nVervielf\u00e4ltigung im Ganzen oder in Teilen ist ohne ausdr\u00fcckliche Genehmigung<br \/>\ndes Turn-Club 72 Leverkusen e.V. in jeglicher Form auf jedem Medium verboten<\/p>\n<p><strong>Verweise und Links:<\/strong><br \/>\nBei direkten oder indirekten Verweisen auf fremde Internetseiten (&#8222;Links&#8220;), die au\u00dferhalb des Verantwortungsbereiches des Turn-Club 72 Leverkusen e.V. liegen, w\u00fcrde eine Haftungsverpflichtung ausschlie\u00dflich in dem Fall in Kraft treten, in dem der Turn-Club 72 Leverkusen e.V. von den Inhalten Kenntnis hat und es dem Verein technisch m\u00f6glich und zumutbar w\u00e4re, die Nutzung im Falle rechtswidriger Inhalte zu verhindern. Der Turn-Club 72 Leverkusen e.V. erkl\u00e4rt daher ausdr\u00fccklich, dass zum Zeitpunkt der Linksetzung die entsprechenden verlinkten Seiten frei von illegalen Inhalten waren. Der Verein hat keinerlei Einfluss auf die aktuelle und zuk\u00fcnftige Gestaltung und auf die Inhalte der gelinkten\/verkn\u00fcpften Seiten. Deshalb distanziert er sich hiermit ausdr\u00fccklich von allen Inhalten aller gelinkten\/verkn\u00fcpften Seiten, die nach der Linksetzung ver\u00e4ndert wurden. Diese Feststellung gilt f\u00fcr alle innerhalb des eigenen Internetangebotes gesetzten Links und Verweise. F\u00fcr illegale, fehlerhafte oder unvollst\u00e4ndige Inhalte und insbesondere f\u00fcr Sch\u00e4den, die aus der Nutzung oder Nichtnutzung solcherart dargebotener Informationen entstehen, haftet allein der Anbieter der Seite, auf welche verwiesen wurde, nicht derjenige, der \u00fcber Links auf die jeweilige Ver\u00f6ffentlichung lediglich verweist.<\/p>\n","protected":false},"excerpt":{"rendered":"<p>Verantwortlich f\u00fcr den Inhalt: Turn-Club 72 Leverkusen e.V. Treptower Str. 7 51375 Leverkusen Telefon: 0214\/ 5 72 18 E-Mail: info@tc-72.de Copyright und Rechte: S\u00e4mtliche Rechte an den Inhalten dieser Webseiten liegen beim Turn-Club 72 Leverkusen e.V. Alle Rechte bleiben vorbehalten. Vervielf\u00e4ltigung im Ganzen oder in Teilen ist ohne ausdr\u00fcckliche Genehmigung des Turn-Club 72 Leverkusen e.V. &hellip; <\/p>\n<p class=\"link-more\"><a href=\"https:\/\/beta.tc-72.de\/?page_id=4\" class=\"read-more\">Read More<span class=\"screen-reader-text\"> &#8222;Impressum&#8220;<\/span><\/a><\/p>\n","protected":false},"author":2,"featured_media":0,"parent":0,"menu_order":0,"comment_status":"open","ping_status":"closed","template":"","meta":{"footnotes":""},"class_list":["post-4","page","type-page","status-publish","hentry"],"_links":{"self":[{"href":"https:\/\/beta.tc-72.de\/index.php?rest_route=\/wp\/v2\/pages\/4","targetHints":{"allow":["GET"]}}],"collection":[{"href":"https:\/\/beta.tc-72.de\/index.php?rest_route=\/wp\/v2\/pages"}],"about":[{"href":"https:\/\/beta.tc-72.de\/index.php?rest_route=\/wp\/v2\/types\/page"}],"author":[{"embeddable":true,"href":"https:\/\/beta.tc-72.de\/index.php?rest_route=\/wp\/v2\/users\/2"}],"replies":[{"embeddable":true,"href":"https:\/\/beta.tc-72.de\/index.php?rest_route=%2Fwp%2Fv2%2Fcomments&post=4"}],"version-history":[{"count":3,"href":"https:\/\/beta.tc-72.de\/index.php?rest_route=\/wp\/v2\/pages\/4\/revisions"}],"predecessor-version":[{"id":20,"href":"https:\/\/beta.tc-72.de\/index.php?rest_route=\/wp\/v2\/pages\/4\/revisions\/20"}],"wp:attachment":[{"href":"https:\/\/beta.tc-72.de\/index.php?rest_route=%2Fwp%2Fv2%2Fmedia&parent=4"}],"curies":[{"name":"wp","href":"https:\/\/api.w.org\/{rel}","templated":true}]}}